{"id":1703,"date":"2017-06-27T10:20:58","date_gmt":"2017-06-27T13:20:58","guid":{"rendered":"https:\/\/dac.crp.ufv.br\/?page_id=1703"},"modified":"2025-03-25T13:52:28","modified_gmt":"2025-03-25T16:52:28","slug":"a-a-aluve","status":"publish","type":"page","link":"https:\/\/dac.crp.ufv.br\/?page_id=1703","title":{"rendered":"AAAU-UFV\/CRP"},"content":{"rendered":"<p><img loading=\"lazy\" decoding=\"async\" class=\" wp-image-3100 alignnone\" src=\"https:\/\/dac.crp.ufv.br\/wp-content\/uploads\/Atletica-1024x1024.jpg\" alt=\"\" width=\"457\" height=\"457\" srcset=\"https:\/\/dac.crp.ufv.br\/wp-content\/uploads\/Atletica-1024x1024.jpg 1024w, https:\/\/dac.crp.ufv.br\/wp-content\/uploads\/Atletica-150x150.jpg 150w, https:\/\/dac.crp.ufv.br\/wp-content\/uploads\/Atletica-300x300.jpg 300w, https:\/\/dac.crp.ufv.br\/wp-content\/uploads\/Atletica-768x768.jpg 768w, https:\/\/dac.crp.ufv.br\/wp-content\/uploads\/Atletica.jpg 1080w\" sizes=\"auto, (max-width: 457px) 100vw, 457px\" \/><\/p>\r\n<h4 style=\"text-align: left;\"><span style=\"color: #0000ff;\"><strong>PARTICIPEM DO NOSSO <\/strong><\/span><span style=\"color: #0000ff;\"><strong>CAMPEONATO DE <\/strong><\/span><span style=\"color: #0000ff;\"><strong>E-SPORTS <\/strong><\/span><span style=\"color: #0000ff;\"><strong>NESSE RESTINHO DE F\u00c9RIAS!!<\/strong><\/span><\/h4>\r\n<p>A <strong>Associa\u00e7\u00e3o Atl\u00e9tica Acad\u00eamica Unificada &#8211; UFV\/CRP<\/strong> tem como um de seus objetivos promover a integra\u00e7\u00e3o e a competitividade dos estudantes nos e-Sports. Estudantes matriculados na UFV\/CRP podem participar.<\/p>\r\n<h4><strong><span style=\"color: #0000ff;\">MODALIDADES: <\/span><\/strong><\/h4>\r\n<h4><strong><span style=\"color: #0000ff;\"><span style=\"color: #ff0000;\">CS:GO e <\/span><\/span><\/strong><\/h4>\r\n<h4><strong><span style=\"color: #0000ff;\"><span style=\"color: #ff0000;\">League of Legends<\/span><\/span><\/strong><\/h4>\r\n<h4><strong><span style=\"color: #0000ff;\">INSCRI\u00c7\u00d5ES:<\/span><\/strong><\/h4>\r\n<p><strong>Inscri\u00e7\u00e3o CS:GO<\/strong> &#8211;\u00a0<a href=\"https:\/\/forms.gle\/tGh1z761MshUSaSy8\">https:\/\/forms.gle\/tGh1z761MshUSaSy8<\/a><\/p>\r\n<p><strong>Inscri\u00e7\u00e3o LOL<\/strong> &#8211;\u00a0<a href=\"https:\/\/forms.gle\/WtxeZ5xNx7v3ZFMdA\">https:\/\/forms.gle\/WtxeZ5xNx7v3ZFMdA<\/a><\/p>\r\n<p>Sigam nosso instagran <strong><span style=\"color: #0000ff;\">@esportsviralata<\/span><\/strong> e acompanhem as novidades.<\/p>\r\n<p>Qualquer d\u00favida, entrem em contato no instagram <strong><span style=\"color: #0000ff;\">@esportsviralata.<\/span><\/strong><\/p>\r\n<p><img loading=\"lazy\" decoding=\"async\" class=\"alignnone  wp-image-2100\" src=\"https:\/\/dac.crp.ufv.br\/wp-content\/uploads\/41518490_1073819579442567_1758837134036303872_n-1024x682.jpg\" alt=\"\" width=\"526\" height=\"350\" srcset=\"https:\/\/dac.crp.ufv.br\/wp-content\/uploads\/41518490_1073819579442567_1758837134036303872_n-1024x682.jpg 1024w, https:\/\/dac.crp.ufv.br\/wp-content\/uploads\/41518490_1073819579442567_1758837134036303872_n-300x200.jpg 300w, https:\/\/dac.crp.ufv.br\/wp-content\/uploads\/41518490_1073819579442567_1758837134036303872_n-768x512.jpg 768w, https:\/\/dac.crp.ufv.br\/wp-content\/uploads\/41518490_1073819579442567_1758837134036303872_n-450x300.jpg 450w, https:\/\/dac.crp.ufv.br\/wp-content\/uploads\/41518490_1073819579442567_1758837134036303872_n.jpg 1280w\" sizes=\"auto, (max-width: 526px) 100vw, 526px\" \/><\/p>\r\n<h1>\u00a0<\/h1>\r\n\r\n<p>&nbsp;<\/p>\r\n\r\n\r\n\r\n<p>&nbsp;<\/p>\r\n","protected":false},"excerpt":{"rendered":"<p>PARTICIPEM DO NOSSO CAMPEONATO DE E-SPORTS NESSE RESTINHO DE F\u00c9RIAS!! A Associa\u00e7\u00e3o Atl\u00e9tica Acad\u00eamica Unificada &#8211; UFV\/CRP tem como um de seus objetivos promover a integra\u00e7\u00e3o e a competitividade dos estudantes nos e-Sports. Estudantes matriculados na UFV\/CRP podem participar. MODALIDADES: CS:GO e League of Legends INSCRI\u00c7\u00d5ES: Inscri\u00e7\u00e3o CS:GO &#8211;\u00a0https:\/\/forms.gle\/tGh1z761MshUSaSy8 Inscri\u00e7\u00e3o LOL &#8211;\u00a0https:\/\/forms.gle\/WtxeZ5xNx7v3ZFMdA Sigam nosso instagran [&hellip;]<\/p>\n","protected":false},"author":1,"featured_media":0,"parent":0,"menu_order":0,"comment_status":"closed","ping_status":"closed","template":"","meta":{"footnotes":""},"class_list":["post-1703","page","type-page","status-publish","hentry"],"_links":{"self":[{"href":"https:\/\/dac.crp.ufv.br\/index.php?rest_route=\/wp\/v2\/pages\/1703","targetHints":{"allow":["GET"]}}],"collection":[{"href":"https:\/\/dac.crp.ufv.br\/index.php?rest_route=\/wp\/v2\/pages"}],"about":[{"href":"https:\/\/dac.crp.ufv.br\/index.php?rest_route=\/wp\/v2\/types\/page"}],"author":[{"embeddable":true,"href":"https:\/\/dac.crp.ufv.br\/index.php?rest_route=\/wp\/v2\/users\/1"}],"replies":[{"embeddable":true,"href":"https:\/\/dac.crp.ufv.br\/index.php?rest_route=%2Fwp%2Fv2%2Fcomments&post=1703"}],"version-history":[{"count":66,"href":"https:\/\/dac.crp.ufv.br\/index.php?rest_route=\/wp\/v2\/pages\/1703\/revisions"}],"predecessor-version":[{"id":3371,"href":"https:\/\/dac.crp.ufv.br\/index.php?rest_route=\/wp\/v2\/pages\/1703\/revisions\/3371"}],"wp:attachment":[{"href":"https:\/\/dac.crp.ufv.br\/index.php?rest_route=%2Fwp%2Fv2%2Fmedia&parent=1703"}],"curies":[{"name":"wp","href":"https:\/\/api.w.org\/{rel}","templated":true}]}}