{"id":3421,"date":"2026-03-06T17:05:24","date_gmt":"2026-03-06T20:05:24","guid":{"rendered":"https:\/\/dac.crp.ufv.br\/?page_id=3421"},"modified":"2026-03-16T16:19:47","modified_gmt":"2026-03-16T19:19:47","slug":"restaurante-universitario","status":"publish","type":"page","link":"https:\/\/dac.crp.ufv.br\/?page_id=3421","title":{"rendered":"Restaurante Universit\u00e1rio"},"content":{"rendered":"<ul>\n<li style=\"list-style-type: none; text-align: center;\"><a href=\"https:\/\/dac.crp.ufv.br\/wp-content\/uploads\/Campus-Rio-Paranaiba_012-1024x576-1.jpg\"><img loading=\"lazy\" decoding=\"async\" class=\"alignnone size-medium wp-image-3424\" src=\"https:\/\/dac.crp.ufv.br\/wp-content\/uploads\/Campus-Rio-Paranaiba_012-1024x576-1-300x169.jpg\" alt=\"\" width=\"300\" height=\"169\" srcset=\"https:\/\/dac.crp.ufv.br\/wp-content\/uploads\/Campus-Rio-Paranaiba_012-1024x576-1-300x169.jpg 300w, https:\/\/dac.crp.ufv.br\/wp-content\/uploads\/Campus-Rio-Paranaiba_012-1024x576-1-768x432.jpg 768w, https:\/\/dac.crp.ufv.br\/wp-content\/uploads\/Campus-Rio-Paranaiba_012-1024x576-1.jpg 1024w\" sizes=\"auto, (max-width: 300px) 100vw, 300px\" \/><\/a><\/li>\n<li style=\"list-style-type: none; text-align: center;\"><a href=\"https:\/\/dac.crp.ufv.br\/wp-content\/uploads\/Imagem-scaled.png\"><img loading=\"lazy\" decoding=\"async\" class=\"alignnone size-medium wp-image-3427\" src=\"https:\/\/dac.crp.ufv.br\/wp-content\/uploads\/Imagem-135x300.png\" alt=\"\" width=\"135\" height=\"300\" srcset=\"https:\/\/dac.crp.ufv.br\/wp-content\/uploads\/Imagem-135x300.png 135w, https:\/\/dac.crp.ufv.br\/wp-content\/uploads\/Imagem-461x1024.png 461w, https:\/\/dac.crp.ufv.br\/wp-content\/uploads\/Imagem-768x1706.png 768w, https:\/\/dac.crp.ufv.br\/wp-content\/uploads\/Imagem-691x1536.png 691w, https:\/\/dac.crp.ufv.br\/wp-content\/uploads\/Imagem-922x2048.png 922w, https:\/\/dac.crp.ufv.br\/wp-content\/uploads\/Imagem-scaled.png 1152w\" sizes=\"auto, (max-width: 135px) 100vw, 135px\" \/><\/a><\/li>\n<\/ul>\n<p>&nbsp;<\/p>\n<p><a href=\"https:\/\/dac.crp.ufv.br\/wp-content\/uploads\/RU_divulgacao_page-0001.jpg\" target=\"_blank\" rel=\"noopener noreferrer\">Instru\u00e7\u00f5es para comprar cr\u00e9ditos no RU<\/a> <a href=\"http:\/\/www.tiquete.ufv.br\/\" target=\"_blank\" rel=\"noopener noreferrer\">&gt;Link T\u00edquete Eletr\u00f4nico<\/a><\/p>\n<p><a href=\"https:\/\/consultaru.crp.ufv.br\/\">Consultar Saldo Atual no RU\u00a0<em>Campus<\/em>\u00a0Rio Parna\u00edba<\/a><\/p>\n<h4 class=\"wp-block-heading\" style=\"text-align: left;\"><a href=\"https:\/\/sisru.crp.ufv.br\/cardapioIframe.php\">CARD\u00c1PIO DO RU<\/a><\/h4>\n","protected":false},"excerpt":{"rendered":"<p>&nbsp; Instru\u00e7\u00f5es para comprar cr\u00e9ditos no RU &gt;Link T\u00edquete Eletr\u00f4nico Consultar Saldo Atual no RU\u00a0Campus\u00a0Rio Parna\u00edba CARD\u00c1PIO DO RU<\/p>\n","protected":false},"author":6,"featured_media":0,"parent":0,"menu_order":0,"comment_status":"closed","ping_status":"closed","template":"","meta":{"footnotes":""},"class_list":["post-3421","page","type-page","status-publish","hentry"],"_links":{"self":[{"href":"https:\/\/dac.crp.ufv.br\/index.php?rest_route=\/wp\/v2\/pages\/3421","targetHints":{"allow":["GET"]}}],"collection":[{"href":"https:\/\/dac.crp.ufv.br\/index.php?rest_route=\/wp\/v2\/pages"}],"about":[{"href":"https:\/\/dac.crp.ufv.br\/index.php?rest_route=\/wp\/v2\/types\/page"}],"author":[{"embeddable":true,"href":"https:\/\/dac.crp.ufv.br\/index.php?rest_route=\/wp\/v2\/users\/6"}],"replies":[{"embeddable":true,"href":"https:\/\/dac.crp.ufv.br\/index.php?rest_route=%2Fwp%2Fv2%2Fcomments&post=3421"}],"version-history":[{"count":9,"href":"https:\/\/dac.crp.ufv.br\/index.php?rest_route=\/wp\/v2\/pages\/3421\/revisions"}],"predecessor-version":[{"id":3458,"href":"https:\/\/dac.crp.ufv.br\/index.php?rest_route=\/wp\/v2\/pages\/3421\/revisions\/3458"}],"wp:attachment":[{"href":"https:\/\/dac.crp.ufv.br\/index.php?rest_route=%2Fwp%2Fv2%2Fmedia&parent=3421"}],"curies":[{"name":"wp","href":"https:\/\/api.w.org\/{rel}","templated":true}]}}