{"id":870,"date":"2014-11-14T15:24:03","date_gmt":"2014-11-14T18:24:03","guid":{"rendered":"https:\/\/dac.crp.ufv.br\/?page_id=870"},"modified":"2025-03-25T13:57:13","modified_gmt":"2025-03-25T16:57:13","slug":"esportes-e-lazer","status":"publish","type":"page","link":"https:\/\/dac.crp.ufv.br\/?page_id=870","title":{"rendered":"Servi\u00e7o de Esporte e Lazer"},"content":{"rendered":"<p><!--more--><img loading=\"lazy\" decoding=\"async\" class=\"alignnone  wp-image-2101\" src=\"https:\/\/dac.crp.ufv.br\/wp-content\/uploads\/41463663_321993728534646_6743070247806304256_n-1024x357.jpg\" alt=\"\" width=\"531\" height=\"185\" srcset=\"https:\/\/dac.crp.ufv.br\/wp-content\/uploads\/41463663_321993728534646_6743070247806304256_n-1024x357.jpg 1024w, https:\/\/dac.crp.ufv.br\/wp-content\/uploads\/41463663_321993728534646_6743070247806304256_n-300x105.jpg 300w, https:\/\/dac.crp.ufv.br\/wp-content\/uploads\/41463663_321993728534646_6743070247806304256_n-768x268.jpg 768w, https:\/\/dac.crp.ufv.br\/wp-content\/uploads\/41463663_321993728534646_6743070247806304256_n-500x174.jpg 500w, https:\/\/dac.crp.ufv.br\/wp-content\/uploads\/41463663_321993728534646_6743070247806304256_n.jpg 1280w\" sizes=\"auto, (max-width: 531px) 100vw, 531px\" \/><\/p>\r\n<p style=\"text-align: left;\" align=\"JUSTIFY\">O Servi\u00e7o de Esportes e Lazer (SELZ) e a Associa\u00e7\u00e3o Atl\u00e9tica Acad\u00eamica Unificada, A.A.A.U. &#8211; UFV CRP,\u00a0 coordenam as atividades esportivas na UFV Campus Rio Parana\u00edba atendendo a comunidade acad\u00eamica.<\/p>\r\n<p style=\"text-align: left;\" align=\"JUSTIFY\">A A.A.A.U. &#8211; UFV CRP disponibiliza hor\u00e1rios no Gin\u00e1sio Poliesportivo do Parque do Zarico, para a pr\u00e1tica de futsal, v\u00f4lei, handebol e basquete, al\u00e9m de promover periodicamente torneios esportivos. Outras modalidades ser\u00e3o disponibilizadas futuramente.<\/p>\r\n<p style=\"text-align: left;\" align=\"JUSTIFY\">O Servi\u00e7o de Esporte e Lazer desenvolve projetos de extens\u00e3o voltados para a pr\u00e1tica de atividades esportivas e de lazer como a Peteca, T\u00eanis de Mesa, Jiu-Jitsu, jud\u00f4.<\/p>\r\n<p style=\"text-align: left;\" align=\"JUSTIFY\">Para mais informa\u00e7\u00f5es sobre os projetos e atividades desenvolvidas pela Associa\u00e7\u00e3o Atl\u00e9tica e Servi\u00e7o de Esporte e Lazer (SELZ) e para empr\u00e9stimo de materiais esportivos procurar a Divis\u00e3o de Assuntos Comunit\u00e1rios, localizada no pr\u00e9dio do RU, porta lateral \u00e0 esquerda.<\/p>\r\n<p style=\"text-align: left;\" align=\"JUSTIFY\">Contatos<\/p>\r\n<p style=\"text-align: left;\" align=\"JUSTIFY\">(34) 3855-9397<\/p>\r\n<p><a href=\"https:\/\/dac.crp.ufv.br\/wp-content\/uploads\/Edital-AAAU-CRP-2022.pdf\"><strong>Edital de sele\u00e7\u00e3o de bolsistas para a Associa\u00e7\u00e3o Atl\u00e9tica Acad\u00eamica <\/strong><\/a><\/p>\r\n<p><a href=\"https:\/\/dac.crp.ufv.br\/wp-content\/uploads\/Edital-AAAU-CRP-2022.pdf\"><strong>Unificada 2022<\/strong><\/a><\/p>\r\n<p align=\"JUSTIFY\"><span style=\"color: #ff0000;\"><a style=\"color: #ff0000;\" href=\"https:\/\/dac.crp.ufv.br\/wp-content\/uploads\/Bolsa-esportes.pdf\">Resultado do Edital Bolsa esporte<\/a><\/span><\/p>\r\n<h2 align=\"JUSTIFY\">\u00a0<\/h2>\r\n<h2 align=\"JUSTIFY\">\u00a0<\/h2>\r\n<p>&nbsp;<\/p>\r\n<h2 style=\"text-align: left;\" align=\"JUSTIFY\">\u00a0<\/h2>\r\n<p style=\"text-align: left;\" align=\"JUSTIFY\">\u00a0<\/p>\r\n\r\n<p>&nbsp;<\/p>\r\n","protected":false},"excerpt":{"rendered":"","protected":false},"author":4,"featured_media":0,"parent":0,"menu_order":0,"comment_status":"closed","ping_status":"open","template":"","meta":{"footnotes":""},"class_list":["post-870","page","type-page","status-publish","hentry"],"_links":{"self":[{"href":"https:\/\/dac.crp.ufv.br\/index.php?rest_route=\/wp\/v2\/pages\/870","targetHints":{"allow":["GET"]}}],"collection":[{"href":"https:\/\/dac.crp.ufv.br\/index.php?rest_route=\/wp\/v2\/pages"}],"about":[{"href":"https:\/\/dac.crp.ufv.br\/index.php?rest_route=\/wp\/v2\/types\/page"}],"author":[{"embeddable":true,"href":"https:\/\/dac.crp.ufv.br\/index.php?rest_route=\/wp\/v2\/users\/4"}],"replies":[{"embeddable":true,"href":"https:\/\/dac.crp.ufv.br\/index.php?rest_route=%2Fwp%2Fv2%2Fcomments&post=870"}],"version-history":[{"count":255,"href":"https:\/\/dac.crp.ufv.br\/index.php?rest_route=\/wp\/v2\/pages\/870\/revisions"}],"predecessor-version":[{"id":3375,"href":"https:\/\/dac.crp.ufv.br\/index.php?rest_route=\/wp\/v2\/pages\/870\/revisions\/3375"}],"wp:attachment":[{"href":"https:\/\/dac.crp.ufv.br\/index.php?rest_route=%2Fwp%2Fv2%2Fmedia&parent=870"}],"curies":[{"name":"wp","href":"https:\/\/api.w.org\/{rel}","templated":true}]}}